{"id":1057,"date":"2024-03-26T10:55:03","date_gmt":"2024-03-26T09:55:03","guid":{"rendered":"https:\/\/www.hotel-1690.de\/?page_id=1057"},"modified":"2024-04-02T17:19:58","modified_gmt":"2024-04-02T15:19:58","slug":"rendsburg","status":"publish","type":"page","link":"https:\/\/www.hotel-1690.de\/en\/rendsburg\/","title":{"rendered":"Rendsburg"},"content":{"rendered":"<div data-elementor-type=\"wp-page\" data-elementor-id=\"1057\" class=\"elementor elementor-1057\" data-elementor-post-type=\"page\">\n\t\t\t\t<div class=\"elementor-element elementor-element-1752b78a e-con-full e-flex e-con e-parent\" data-id=\"1752b78a\" data-element_type=\"container\" data-e-type=\"container\">\n\t\t<div class=\"elementor-element elementor-element-1dec7a72 e-con-full e-flex e-con e-child\" data-id=\"1dec7a72\" data-element_type=\"container\" data-e-type=\"container\">\n\t\t\t\t<div class=\"elementor-element elementor-element-6d31e5e8 elementor--h-position-center elementor--v-position-middle elementor-arrows-position-inside elementor-widget elementor-widget-slides\" data-id=\"6d31e5e8\" data-element_type=\"widget\" data-e-type=\"widget\" data-settings=\"{&quot;navigation&quot;:&quot;arrows&quot;,&quot;autoplay_speed&quot;:3500,&quot;transition&quot;:&quot;fade&quot;,&quot;transition_speed&quot;:3500,&quot;autoplay&quot;:&quot;yes&quot;,&quot;infinite&quot;:&quot;yes&quot;}\" data-widget_type=\"slides.default\">\n\t\t\t\t<div class=\"elementor-widget-container\">\n\t\t\t\t\t\t\t\t\t<div class=\"elementor-swiper\">\n\t\t\t\t\t<div class=\"elementor-slides-wrapper elementor-main-swiper swiper\" role=\"region\" aria-roledescription=\"carousel\" aria-label=\"Slider\" dir=\"ltr\" data-animation=\"fadeInUp\">\n\t\t\t\t<div class=\"swiper-wrapper elementor-slides\">\n\t\t\t\t\t\t\t\t\t\t<div class=\"elementor-repeater-item-afa78a9 swiper-slide\" role=\"group\" aria-roledescription=\"slide\"><div class=\"swiper-slide-bg\" role=\"img\" aria-label=\"Nord-Ostsee-Kanal bei Sonnenaufgang\"><\/div><div class=\"swiper-slide-inner\" ><div class=\"swiper-slide-contents\"><\/div><\/div><\/div><div class=\"elementor-repeater-item-1b0d67b swiper-slide\" role=\"group\" aria-roledescription=\"slide\"><div class=\"swiper-slide-bg\" role=\"img\" aria-label=\"Blick auf den Nord- Ostsee-Kanal bei Sonnenuntergang\"><\/div><div class=\"swiper-slide-inner\" ><div class=\"swiper-slide-contents\"><\/div><\/div><\/div><div class=\"elementor-repeater-item-f7bfe36 swiper-slide\" role=\"group\" aria-roledescription=\"slide\"><div class=\"swiper-slide-bg\" role=\"img\" aria-label=\"Blick auf den Obereiderhafen bei Sonnenuntergang\"><\/div><div class=\"swiper-slide-inner\" ><div class=\"swiper-slide-contents\"><\/div><\/div><\/div><div class=\"elementor-repeater-item-dfee0f8 swiper-slide\" role=\"group\" aria-roledescription=\"slide\"><div class=\"swiper-slide-bg\" role=\"img\" aria-label=\"Eisenbahnhochbr\u00fccke mit einem Zug drauf und einem Schiff drunter bei Sonnenuntergang\"><\/div><div class=\"swiper-slide-inner\" ><div class=\"swiper-slide-contents\"><\/div><\/div><\/div><div class=\"elementor-repeater-item-14aeb85 swiper-slide\" role=\"group\" aria-roledescription=\"slide\"><div class=\"swiper-slide-bg\" role=\"img\" aria-label=\"Schiff auf dem Nord-Ostsee-Kanal bei Sonnenaufgang\"><\/div><div class=\"swiper-slide-inner\" ><div class=\"swiper-slide-contents\"><\/div><\/div><\/div><div class=\"elementor-repeater-item-6422f4f swiper-slide\" role=\"group\" aria-roledescription=\"slide\"><div class=\"swiper-slide-bg\" role=\"img\" aria-label=\"Schwebef\u00e4hre h\u00e4ngend an der Eisenbahnhochbr\u00fccke im Hintergrund der Hafen\"><\/div><div class=\"swiper-slide-inner\" ><div class=\"swiper-slide-contents\"><\/div><\/div><\/div><div class=\"elementor-repeater-item-4b9bdc5 swiper-slide\" role=\"group\" aria-roledescription=\"slide\"><div class=\"swiper-slide-bg\" role=\"img\" aria-label=\"Rendsburger-Hafen bei Sonnenuntergang\"><\/div><div class=\"swiper-slide-inner\" ><div class=\"swiper-slide-contents\"><\/div><\/div><\/div><div class=\"elementor-repeater-item-462ec89 swiper-slide\" role=\"group\" aria-roledescription=\"slide\"><div class=\"swiper-slide-bg\" role=\"img\" aria-label=\"Eisenbahnhochbr\u00fccke \u00fcber dem NOK\"><\/div><div class=\"swiper-slide-inner\" ><div class=\"swiper-slide-contents\"><\/div><\/div><\/div><div class=\"elementor-repeater-item-e396de2 swiper-slide\" role=\"group\" aria-roledescription=\"slide\"><div class=\"swiper-slide-bg\" role=\"img\" aria-label=\"Stadttheater von Rendsburg\"><\/div><div class=\"swiper-slide-inner\" ><div class=\"swiper-slide-contents\"><\/div><\/div><\/div><div class=\"elementor-repeater-item-496b8ef swiper-slide\" role=\"group\" aria-roledescription=\"slide\"><div class=\"swiper-slide-bg\" role=\"img\" aria-label=\"Schw\u00e4ne auf dem Nord-Ostsee-Kanal bei Sonnenuntergang\"><\/div><div class=\"swiper-slide-inner\" ><div class=\"swiper-slide-contents\"><\/div><\/div><\/div><div class=\"elementor-repeater-item-ad71222 swiper-slide\" role=\"group\" aria-roledescription=\"slide\"><div class=\"swiper-slide-bg\" role=\"img\" aria-label=\"Blick auf den NOK\"><\/div><div class=\"swiper-slide-inner\" ><div class=\"swiper-slide-contents\"><\/div><\/div><\/div>\t\t\t\t<\/div>\n\t\t\t\t\t\t\t\t\t\t\t\t\t\t\t<div class=\"elementor-swiper-button elementor-swiper-button-prev\" role=\"button\" tabindex=\"0\" aria-label=\"Vorheriger Slide\">\n\t\t\t\t\t\t\t<svg aria-hidden=\"true\" class=\"e-font-icon-svg e-eicon-chevron-left\" viewbox=\"0 0 1000 1000\" xmlns=\"http:\/\/www.w3.org\/2000\/svg\"><path d=\"M646 125C629 125 613 133 604 142L308 442C296 454 292 471 292 487 292 504 296 521 308 533L604 854C617 867 629 875 646 875 663 875 679 871 692 858 704 846 713 829 713 812 713 796 708 779 692 767L438 487 692 225C700 217 708 204 708 187 708 171 704 154 692 142 675 129 663 125 646 125Z\"><\/path><\/svg>\t\t\t\t\t\t<\/div>\n\t\t\t\t\t\t<div class=\"elementor-swiper-button elementor-swiper-button-next\" role=\"button\" tabindex=\"0\" aria-label=\"N\u00e4chster Slide\">\n\t\t\t\t\t\t\t<svg aria-hidden=\"true\" class=\"e-font-icon-svg e-eicon-chevron-right\" viewbox=\"0 0 1000 1000\" xmlns=\"http:\/\/www.w3.org\/2000\/svg\"><path d=\"M696 533C708 521 713 504 713 487 713 471 708 454 696 446L400 146C388 133 375 125 354 125 338 125 325 129 313 142 300 154 292 171 292 187 292 204 296 221 308 233L563 492 304 771C292 783 288 800 288 817 288 833 296 850 308 863 321 871 338 875 354 875 371 875 388 867 400 854L696 533Z\"><\/path><\/svg>\t\t\t\t\t\t<\/div>\n\t\t\t\t\t\t\t\t\t\t\t\t\t\t\t\t\t<\/div>\n\t\t\t\t<\/div>\n\t\t\t\t\t\t\t\t<\/div>\n\t\t\t\t<\/div>\n\t\t\t\t<\/div>\n\t\t\t\t<\/div>\n\t\t<div class=\"elementor-element elementor-element-3de3c3e1 e-flex e-con-boxed e-con e-parent\" data-id=\"3de3c3e1\" data-element_type=\"container\" data-e-type=\"container\">\n\t\t\t\t\t<div class=\"e-con-inner\">\n\t\t\t\t<div class=\"elementor-element elementor-element-794d22c8 elementor-widget elementor-widget-text-editor\" data-id=\"794d22c8\" data-element_type=\"widget\" data-e-type=\"widget\" data-settings=\"{&quot;_animation&quot;:&quot;none&quot;}\" data-widget_type=\"text-editor.default\">\n\t\t\t\t<div class=\"elementor-widget-container\">\n\t\t\t\t\t\t\t\t\t<h1 style=\"text-align: center;\">Exploring Rendsburg<\/h1>\t\t\t\t\t\t\t\t<\/div>\n\t\t\t\t<\/div>\n\t\t\t\t<div class=\"elementor-element elementor-element-478ffe9e animated-slow elementor-widget-divider--view-line elementor-invisible elementor-widget elementor-widget-divider\" data-id=\"478ffe9e\" data-element_type=\"widget\" data-e-type=\"widget\" data-settings=\"{&quot;_animation&quot;:&quot;fadeInDown&quot;}\" data-widget_type=\"divider.default\">\n\t\t\t\t<div class=\"elementor-widget-container\">\n\t\t\t\t\t\t\t<div class=\"elementor-divider\">\n\t\t\t<span class=\"elementor-divider-separator\">\n\t\t\t\t\t\t<\/span>\n\t\t<\/div>\n\t\t\t\t\t\t<\/div>\n\t\t\t\t<\/div>\n\t\t\t\t<div class=\"elementor-element elementor-element-6b8aa293 elementor-widget elementor-widget-text-editor\" data-id=\"6b8aa293\" data-element_type=\"widget\" data-e-type=\"widget\" data-widget_type=\"text-editor.default\">\n\t\t\t\t<div class=\"elementor-widget-container\">\n\t\t\t\t\t\t\t\t\t<h2 style=\"text-align: center;\">\u00a0Go on a voyage of discovery!<\/h2>\t\t\t\t\t\t\t\t<\/div>\n\t\t\t\t<\/div>\n\t\t\t\t<div class=\"elementor-element elementor-element-2f72ff73 elementor-widget elementor-widget-text-editor\" data-id=\"2f72ff73\" data-element_type=\"widget\" data-e-type=\"widget\" data-widget_type=\"text-editor.default\">\n\t\t\t\t<div class=\"elementor-widget-container\">\n\t\t\t\t\t\t\t\t\t<p style=\"text-align: left;\">From the hotel you can start your stroll through the\u00a0<em><b><a href=\"http:\/\/www.rendsburg.info\/\" target=\"_blank\" rel=\"noopener\">Shops<\/a><\/b><\/em>\u00a0start on a voyage of discovery of the\u00a0<em><b><a href=\"http:\/\/www.rendsburg.de\/tourismus\/sehenswuerdigkeiten\/blue-line.html\" target=\"_blank\" rel=\"noopener\">\u201eblue line\u201c<\/a><\/b><\/em>\u00a0which leads you 3.2 kilometres past many sights through the city, or you can take a quick look at the busy\u00a0<em><b><a href=\"http:\/\/www.rendsburg.de\/tourismus\/sehenswuerdigkeiten\/nord-ostsee-kanal.html\" target=\"_blank\" rel=\"noopener\">Nord-Ostsee-Kanal<\/a><\/b><\/em>\u00a0and the\u00a0<em><b><a href=\"http:\/\/www.rendsburg.de\/tourismus\/sehenswuerdigkeiten\/eisenbahnhochbruecke.html\" target=\"_blank\" rel=\"noopener\">Railway bridge<\/a><\/b><\/em>. Perhaps you will discover something new during a break on the\u00a0<em><b><a href=\"http:\/\/www.rendsburg.de\/stadt-am-wasser\/highlights\/laengste-bank.html\" target=\"_blank\" rel=\"noopener\">longest bench in the world<\/a><\/b><\/em>\u00a0<em><b><a href=\"http:\/\/www.traumschiffe-im-kanal.de\/traumschiffe\/termine.html\" target=\"_blank\" rel=\"noopener\">\"Your dream ship\"<\/a><\/b><\/em>?<\/p><p style=\"text-align: left;\">A few cosy\u00a0<em><b><a href=\"https:\/\/www.tripadvisor.de\/Restaurants-g642150-Rendsburg_Schleswig_Holstein.html\" target=\"_blank\" rel=\"noopener\">Restaurants<\/a><\/b><\/em>\u00a0are waiting for you just around the corner. But also\u00a0<em><b><a href=\"https:\/\/www.sh-landestheater.de\/spielstaetten\/rendsburg\/\" target=\"_blank\" rel=\"noopener\">Theater<\/a><\/b><\/em>,\u00a0<em><b><a href=\"http:\/\/www.rendsburg.de\/tourismus\/sehenswuerdigkeiten\/museen.html\" target=\"_blank\" rel=\"noopener\">Museums<\/a><\/b><\/em>,\u00a0<em><b><a href=\"https:\/\/www.kino.de\/kinoprogramm\/stadt\/rendsburg\/\" target=\"_blank\" rel=\"noopener\">Cinemas<\/a><\/b><\/em>\u00a0etc. are within walking distance. In the beautiful surroundings of Rendsburg you can not only go hiking and cycling, but also swimming, rowing, surfing, sailing, fishing, horse riding and boating. Start your journey of discovery in the centrally located\u00a0<em><b><a href=\"http:\/\/www.rendsburg.de\/startseite.html\" target=\"_blank\" rel=\"noopener\">Rendsburg<\/a><\/b><\/em>from which Hamburg and the Danish border are equidistant and the beautiful beaches of the North Sea and Baltic coasts can be reached in 20 minutes to an hour. Around Rendsburg there are three beautiful\u00a0<em><b><a href=\"https:\/\/www.kreis-rendsburg-eckernfoerde.de\/wirtschaft-tourismus\/landschaft-und-naturparks\/\" target=\"_blank\" rel=\"noopener\">Nature parks<\/a><\/b><\/em>\u00a0with castles, manor houses and dreamy lakes amidst numerous hills, or alternatively explore idyllic landscapes of forests, ponds, moorland and heathland.<\/p><p style=\"text-align: left;\"><strong>Further highlights:<\/strong><\/p><ul><li style=\"text-align: left;\"><em><a href=\"http:\/\/www.nordart.de\/\" target=\"_blank\" rel=\"noopener\">NordArt<\/a><\/em><\/li><li style=\"text-align: left;\"><em><a href=\"https:\/\/www.shmf.de\/\" target=\"_blank\" rel=\"noopener\">Schleswig-Holstein Musik Festival<\/a><\/em><\/li><li style=\"text-align: left;\"><a href=\"https:\/\/www.mittelholstein.de\/rendsburg\" target=\"_blank\" rel=\"noopener\"><em>You can also find much more information here<\/em><\/a><\/li><\/ul>\t\t\t\t\t\t\t\t<\/div>\n\t\t\t\t<\/div>\n\t\t\t\t\t<\/div>\n\t\t\t\t<\/div>\n\t\t\t\t<\/div>","protected":false},"excerpt":{"rendered":"<p>Previous slide Next slide Rendsburg erkunden \u00a0Gehen Sie auf Entdeckungsreise! Vom Hotel aus k\u00f6nnen Sie Ihren Bummel durch die\u00a0Gesch\u00e4fte\u00a0starten, auf Entdeckungsreise der\u00a0\u201eblue line\u201c\u00a0folgen, die Sie auf 3,2 Kilometern an vielen Sehensw\u00fcrdigkeiten vorbei durch die Stadt f\u00fchrt, oder Sie schauen schnell mal zum vielbefahrenen\u00a0Nord-Ostsee-Kanal\u00a0und der\u00a0Eisenbahnhochbr\u00fccke. Vielleicht entdecken Sie ja bei einer Pause auf der\u00a0l\u00e4ngsten Bank der [&hellip;]<\/p>\n","protected":false},"author":2,"featured_media":0,"parent":0,"menu_order":0,"comment_status":"closed","ping_status":"closed","template":"elementor_header_footer","meta":{"footnotes":""},"class_list":["post-1057","page","type-page","status-publish","hentry"],"yoast_head":"<!-- This site is optimized with the Yoast SEO plugin v27.5 - https:\/\/yoast.com\/product\/yoast-seo-wordpress\/ -->\n<title>Rendsburg - Hotel 1690<\/title>\n<meta name=\"robots\" content=\"index, follow, max-snippet:-1, max-image-preview:large, max-video-preview:-1\" \/>\n<link rel=\"canonical\" href=\"https:\/\/www.hotel-1690.de\/en\/rendsburg\/\" \/>\n<meta property=\"og:locale\" content=\"en_GB\" \/>\n<meta property=\"og:type\" content=\"article\" \/>\n<meta property=\"og:title\" content=\"Rendsburg - Hotel 1690\" \/>\n<meta property=\"og:description\" content=\"Previous slide Next slide Rendsburg erkunden \u00a0Gehen Sie auf Entdeckungsreise! Vom Hotel aus k\u00f6nnen Sie Ihren Bummel durch die\u00a0Gesch\u00e4fte\u00a0starten, auf Entdeckungsreise der\u00a0\u201eblue line\u201c\u00a0folgen, die Sie auf 3,2 Kilometern an vielen Sehensw\u00fcrdigkeiten vorbei durch die Stadt f\u00fchrt, oder Sie schauen schnell mal zum vielbefahrenen\u00a0Nord-Ostsee-Kanal\u00a0und der\u00a0Eisenbahnhochbr\u00fccke. Vielleicht entdecken Sie ja bei einer Pause auf der\u00a0l\u00e4ngsten Bank der [&hellip;]\" \/>\n<meta property=\"og:url\" content=\"https:\/\/www.hotel-1690.de\/en\/rendsburg\/\" \/>\n<meta property=\"og:site_name\" content=\"Hotel 1690\" \/>\n<meta property=\"article:modified_time\" content=\"2024-04-02T15:19:58+00:00\" \/>\n<meta name=\"twitter:card\" content=\"summary_large_image\" \/>\n<meta name=\"twitter:label1\" content=\"Estimated reading time\" \/>\n\t<meta name=\"twitter:data1\" content=\"2 minutes\" \/>\n<script type=\"application\/ld+json\" class=\"yoast-schema-graph\">{\"@context\":\"https:\\\/\\\/schema.org\",\"@graph\":[{\"@type\":\"WebPage\",\"@id\":\"https:\\\/\\\/www.hotel-1690.de\\\/rendsburg\\\/\",\"url\":\"https:\\\/\\\/www.hotel-1690.de\\\/rendsburg\\\/\",\"name\":\"Rendsburg - Hotel 1690\",\"isPartOf\":{\"@id\":\"https:\\\/\\\/www.hotel-1690.de\\\/#website\"},\"datePublished\":\"2024-03-26T09:55:03+00:00\",\"dateModified\":\"2024-04-02T15:19:58+00:00\",\"breadcrumb\":{\"@id\":\"https:\\\/\\\/www.hotel-1690.de\\\/rendsburg\\\/#breadcrumb\"},\"inLanguage\":\"en-GB\",\"potentialAction\":[{\"@type\":\"ReadAction\",\"target\":[\"https:\\\/\\\/www.hotel-1690.de\\\/rendsburg\\\/\"]}]},{\"@type\":\"BreadcrumbList\",\"@id\":\"https:\\\/\\\/www.hotel-1690.de\\\/rendsburg\\\/#breadcrumb\",\"itemListElement\":[{\"@type\":\"ListItem\",\"position\":1,\"name\":\"Startseite\",\"item\":\"https:\\\/\\\/www.hotel-1690.de\\\/\"},{\"@type\":\"ListItem\",\"position\":2,\"name\":\"Rendsburg\"}]},{\"@type\":\"WebSite\",\"@id\":\"https:\\\/\\\/www.hotel-1690.de\\\/#website\",\"url\":\"https:\\\/\\\/www.hotel-1690.de\\\/\",\"name\":\"Hotel 1690\",\"description\":\"Hotel im Zentrum von Rendsburg, im Stadtteil Neuwerk\",\"publisher\":{\"@id\":\"https:\\\/\\\/www.hotel-1690.de\\\/#organization\"},\"potentialAction\":[{\"@type\":\"SearchAction\",\"target\":{\"@type\":\"EntryPoint\",\"urlTemplate\":\"https:\\\/\\\/www.hotel-1690.de\\\/?s={search_term_string}\"},\"query-input\":{\"@type\":\"PropertyValueSpecification\",\"valueRequired\":true,\"valueName\":\"search_term_string\"}}],\"inLanguage\":\"en-GB\"},{\"@type\":\"Organization\",\"@id\":\"https:\\\/\\\/www.hotel-1690.de\\\/#organization\",\"name\":\"Hotel 1690\",\"url\":\"https:\\\/\\\/www.hotel-1690.de\\\/\",\"logo\":{\"@type\":\"ImageObject\",\"inLanguage\":\"en-GB\",\"@id\":\"https:\\\/\\\/www.hotel-1690.de\\\/#\\\/schema\\\/logo\\\/image\\\/\",\"url\":\"https:\\\/\\\/www.hotel-1690.de\\\/wp-content\\\/uploads\\\/Logo_Designhotel.png\",\"contentUrl\":\"https:\\\/\\\/www.hotel-1690.de\\\/wp-content\\\/uploads\\\/Logo_Designhotel.png\",\"width\":450,\"height\":150,\"caption\":\"Hotel 1690\"},\"image\":{\"@id\":\"https:\\\/\\\/www.hotel-1690.de\\\/#\\\/schema\\\/logo\\\/image\\\/\"}}]}<\/script>\n<!-- \/ Yoast SEO plugin. -->","yoast_head_json":{"title":"Rendsburg - Hotel 1690","robots":{"index":"index","follow":"follow","max-snippet":"max-snippet:-1","max-image-preview":"max-image-preview:large","max-video-preview":"max-video-preview:-1"},"canonical":"https:\/\/www.hotel-1690.de\/en\/rendsburg\/","og_locale":"en_GB","og_type":"article","og_title":"Rendsburg - Hotel 1690","og_description":"Previous slide Next slide Rendsburg erkunden \u00a0Gehen Sie auf Entdeckungsreise! Vom Hotel aus k\u00f6nnen Sie Ihren Bummel durch die\u00a0Gesch\u00e4fte\u00a0starten, auf Entdeckungsreise der\u00a0\u201eblue line\u201c\u00a0folgen, die Sie auf 3,2 Kilometern an vielen Sehensw\u00fcrdigkeiten vorbei durch die Stadt f\u00fchrt, oder Sie schauen schnell mal zum vielbefahrenen\u00a0Nord-Ostsee-Kanal\u00a0und der\u00a0Eisenbahnhochbr\u00fccke. Vielleicht entdecken Sie ja bei einer Pause auf der\u00a0l\u00e4ngsten Bank der [&hellip;]","og_url":"https:\/\/www.hotel-1690.de\/en\/rendsburg\/","og_site_name":"Hotel 1690","article_modified_time":"2024-04-02T15:19:58+00:00","twitter_card":"summary_large_image","twitter_misc":{"Estimated reading time":"2 minutes"},"schema":{"@context":"https:\/\/schema.org","@graph":[{"@type":"WebPage","@id":"https:\/\/www.hotel-1690.de\/rendsburg\/","url":"https:\/\/www.hotel-1690.de\/rendsburg\/","name":"Rendsburg - Hotel 1690","isPartOf":{"@id":"https:\/\/www.hotel-1690.de\/#website"},"datePublished":"2024-03-26T09:55:03+00:00","dateModified":"2024-04-02T15:19:58+00:00","breadcrumb":{"@id":"https:\/\/www.hotel-1690.de\/rendsburg\/#breadcrumb"},"inLanguage":"en-GB","potentialAction":[{"@type":"ReadAction","target":["https:\/\/www.hotel-1690.de\/rendsburg\/"]}]},{"@type":"BreadcrumbList","@id":"https:\/\/www.hotel-1690.de\/rendsburg\/#breadcrumb","itemListElement":[{"@type":"ListItem","position":1,"name":"Startseite","item":"https:\/\/www.hotel-1690.de\/"},{"@type":"ListItem","position":2,"name":"Rendsburg"}]},{"@type":"WebSite","@id":"https:\/\/www.hotel-1690.de\/#website","url":"https:\/\/www.hotel-1690.de\/","name":"Hotel 1690","description":"Hotel im Zentrum von Rendsburg, im Stadtteil Neuwerk","publisher":{"@id":"https:\/\/www.hotel-1690.de\/#organization"},"potentialAction":[{"@type":"SearchAction","target":{"@type":"EntryPoint","urlTemplate":"https:\/\/www.hotel-1690.de\/?s={search_term_string}"},"query-input":{"@type":"PropertyValueSpecification","valueRequired":true,"valueName":"search_term_string"}}],"inLanguage":"en-GB"},{"@type":"Organization","@id":"https:\/\/www.hotel-1690.de\/#organization","name":"Hotel 1690","url":"https:\/\/www.hotel-1690.de\/","logo":{"@type":"ImageObject","inLanguage":"en-GB","@id":"https:\/\/www.hotel-1690.de\/#\/schema\/logo\/image\/","url":"https:\/\/www.hotel-1690.de\/wp-content\/uploads\/Logo_Designhotel.png","contentUrl":"https:\/\/www.hotel-1690.de\/wp-content\/uploads\/Logo_Designhotel.png","width":450,"height":150,"caption":"Hotel 1690"},"image":{"@id":"https:\/\/www.hotel-1690.de\/#\/schema\/logo\/image\/"}}]}},"_links":{"self":[{"href":"https:\/\/www.hotel-1690.de\/en\/wp-json\/wp\/v2\/pages\/1057","targetHints":{"allow":["GET"]}}],"collection":[{"href":"https:\/\/www.hotel-1690.de\/en\/wp-json\/wp\/v2\/pages"}],"about":[{"href":"https:\/\/www.hotel-1690.de\/en\/wp-json\/wp\/v2\/types\/page"}],"author":[{"embeddable":true,"href":"https:\/\/www.hotel-1690.de\/en\/wp-json\/wp\/v2\/users\/2"}],"replies":[{"embeddable":true,"href":"https:\/\/www.hotel-1690.de\/en\/wp-json\/wp\/v2\/comments?post=1057"}],"version-history":[{"count":22,"href":"https:\/\/www.hotel-1690.de\/en\/wp-json\/wp\/v2\/pages\/1057\/revisions"}],"predecessor-version":[{"id":1205,"href":"https:\/\/www.hotel-1690.de\/en\/wp-json\/wp\/v2\/pages\/1057\/revisions\/1205"}],"wp:attachment":[{"href":"https:\/\/www.hotel-1690.de\/en\/wp-json\/wp\/v2\/media?parent=1057"}],"curies":[{"name":"wp","href":"https:\/\/api.w.org\/{rel}","templated":true}]}}